{"id":23,"date":"2022-06-03T13:20:43","date_gmt":"2020-06-03T10:20:43","guid":{"rendered":"https:\/\/safirdemo.com\/atolye\/cozum-ortaklari\/"},"modified":"2025-12-22T12:55:08","modified_gmt":"2025-12-22T08:55:08","slug":"partnyorlar","status":"publish","type":"page","link":"https:\/\/standpro.az\/?page_id=23","title":{"rendered":"M\u00fc\u015ft\u0259ril\u0259rimiz"},"content":{"rendered":"\n<div class=\"wp-block-group is-layout-grid wp-container-core-group-is-layout-9649a0d9 wp-block-group-is-layout-grid\">\n<a class=\"wp-block-safirtema-safirbutton safirButton\" href=\"https:\/\/standpro.az\/wp-content\/uploads\/2025\/09\/standpro-presents-eng.compressed.pdf\" rel=\"external\"><div class=\"icon safiricon\"><svg class=\"safiricon-dosya\"><use href=\"#safiricon-dosya\"><\/use><\/svg><\/div>\u2b07\ufe0fKATALOQU END\u0130R<\/a>\n<\/div>\n\n\n\n<figure class=\"wp-block-gallery has-nested-images columns-default is-cropped wp-block-gallery-1 is-layout-flex wp-block-gallery-is-layout-flex\">\n<figure class=\"wp-block-image size-full\"><img loading=\"lazy\" decoding=\"async\" width=\"1024\" height=\"874\" data-id=\"1018\" src=\"https:\/\/standpro.az\/wp-content\/uploads\/2025\/08\/Az\u0259rbaycan_Respublikasi_M\u0259d\u0259niyy\u0259t_Nazirliyi_2025.png\" alt=\"\" class=\"wp-image-1018\" srcset=\"https:\/\/standpro.az\/wp-content\/uploads\/2025\/08\/Az\u0259rbaycan_Respublikasi_M\u0259d\u0259niyy\u0259t_Nazirliyi_2025.png 1024w, https:\/\/standpro.az\/wp-content\/uploads\/2025\/08\/Az\u0259rbaycan_Respublikasi_M\u0259d\u0259niyy\u0259t_Nazirliyi_2025-300x256.png 300w, https:\/\/standpro.az\/wp-content\/uploads\/2025\/08\/Az\u0259rbaycan_Respublikasi_M\u0259d\u0259niyy\u0259t_Nazirliyi_2025-768x656.png 768w\" sizes=\"auto, (max-width: 1024px) 100vw, 1024px\" \/><figcaption class=\"wp-element-caption\">111<\/figcaption><\/figure>\n\n\n\n<figure class=\"wp-block-image size-large\"><img loading=\"lazy\" decoding=\"async\" width=\"600\" height=\"600\" data-id=\"982\" src=\"https:\/\/standpro.az\/wp-content\/uploads\/2025\/08\/logo-sayt-DMA.jpg\" alt=\"\" class=\"wp-image-982\" srcset=\"https:\/\/standpro.az\/wp-content\/uploads\/2025\/08\/logo-sayt-DMA.jpg 600w, https:\/\/standpro.az\/wp-content\/uploads\/2025\/08\/logo-sayt-DMA-300x300.jpg 300w, https:\/\/standpro.az\/wp-content\/uploads\/2025\/08\/logo-sayt-DMA-150x150.jpg 150w\" sizes=\"auto, (max-width: 600px) 100vw, 600px\" \/><\/figure>\n\n\n\n<figure class=\"wp-block-image size-large\"><img loading=\"lazy\" decoding=\"async\" width=\"800\" height=\"715\" data-id=\"985\" src=\"https:\/\/standpro.az\/wp-content\/uploads\/2025\/08\/STA_Logo.png\" alt=\"\" class=\"wp-image-985\" srcset=\"https:\/\/standpro.az\/wp-content\/uploads\/2025\/08\/STA_Logo.png 800w, https:\/\/standpro.az\/wp-content\/uploads\/2025\/08\/STA_Logo-300x268.png 300w, https:\/\/standpro.az\/wp-content\/uploads\/2025\/08\/STA_Logo-768x686.png 768w\" sizes=\"auto, (max-width: 800px) 100vw, 800px\" \/><\/figure>\n\n\n\n<figure class=\"wp-block-image size-large\"><img loading=\"lazy\" decoding=\"async\" width=\"850\" height=\"530\" data-id=\"988\" src=\"https:\/\/standpro.az\/wp-content\/uploads\/2025\/08\/Idman-Naziriyi.jpg\" alt=\"\" class=\"wp-image-988\" srcset=\"https:\/\/standpro.az\/wp-content\/uploads\/2025\/08\/Idman-Naziriyi.jpg 850w, https:\/\/standpro.az\/wp-content\/uploads\/2025\/08\/Idman-Naziriyi-300x187.jpg 300w, https:\/\/standpro.az\/wp-content\/uploads\/2025\/08\/Idman-Naziriyi-768x479.jpg 768w\" sizes=\"auto, (max-width: 850px) 100vw, 850px\" \/><\/figure>\n\n\n\n<figure class=\"wp-block-image size-full\"><img loading=\"lazy\" decoding=\"async\" width=\"975\" height=\"540\" data-id=\"1001\" src=\"https:\/\/standpro.az\/wp-content\/uploads\/2025\/08\/kobia.png\" alt=\"\" class=\"wp-image-1001\" srcset=\"https:\/\/standpro.az\/wp-content\/uploads\/2025\/08\/kobia.png 975w, https:\/\/standpro.az\/wp-content\/uploads\/2025\/08\/kobia-300x166.png 300w, https:\/\/standpro.az\/wp-content\/uploads\/2025\/08\/kobia-768x425.png 768w\" sizes=\"auto, (max-width: 975px) 100vw, 975px\" \/><\/figure>\n\n\n\n<figure class=\"wp-block-image size-large\"><img loading=\"lazy\" decoding=\"async\" width=\"1024\" height=\"703\" data-id=\"992\" src=\"https:\/\/standpro.az\/wp-content\/uploads\/2025\/08\/yap-1024x703.jpg\" alt=\"\" class=\"wp-image-992\" srcset=\"https:\/\/standpro.az\/wp-content\/uploads\/2025\/08\/yap-1024x703.jpg 1024w, https:\/\/standpro.az\/wp-content\/uploads\/2025\/08\/yap-300x206.jpg 300w, https:\/\/standpro.az\/wp-content\/uploads\/2025\/08\/yap-768x527.jpg 768w, https:\/\/standpro.az\/wp-content\/uploads\/2025\/08\/yap-1536x1054.jpg 1536w, https:\/\/standpro.az\/wp-content\/uploads\/2025\/08\/yap.jpg 2048w\" sizes=\"auto, (max-width: 1024px) 100vw, 1024px\" \/><\/figure>\n\n\n\n<figure class=\"wp-block-image size-large\"><img loading=\"lazy\" decoding=\"async\" width=\"1024\" height=\"1024\" data-id=\"1003\" src=\"https:\/\/standpro.az\/wp-content\/uploads\/2025\/08\/cop29-1200x1200-1-1024x1024.webp\" alt=\"\" class=\"wp-image-1003\" srcset=\"https:\/\/standpro.az\/wp-content\/uploads\/2025\/08\/cop29-1200x1200-1-1024x1024.webp 1024w, https:\/\/standpro.az\/wp-content\/uploads\/2025\/08\/cop29-1200x1200-1-300x300.webp 300w, https:\/\/standpro.az\/wp-content\/uploads\/2025\/08\/cop29-1200x1200-1-150x150.webp 150w, https:\/\/standpro.az\/wp-content\/uploads\/2025\/08\/cop29-1200x1200-1-768x768.webp 768w, https:\/\/standpro.az\/wp-content\/uploads\/2025\/08\/cop29-1200x1200-1.webp 1200w\" sizes=\"auto, (max-width: 1024px) 100vw, 1024px\" \/><\/figure>\n\n\n\n<figure class=\"wp-block-image size-large\"><img loading=\"lazy\" decoding=\"async\" width=\"450\" height=\"450\" data-id=\"1006\" src=\"https:\/\/standpro.az\/wp-content\/uploads\/2025\/08\/silo-construction.jpg\" alt=\"\" class=\"wp-image-1006\" srcset=\"https:\/\/standpro.az\/wp-content\/uploads\/2025\/08\/silo-construction.jpg 450w, https:\/\/standpro.az\/wp-content\/uploads\/2025\/08\/silo-construction-300x300.jpg 300w, https:\/\/standpro.az\/wp-content\/uploads\/2025\/08\/silo-construction-150x150.jpg 150w\" sizes=\"auto, (max-width: 450px) 100vw, 450px\" \/><\/figure>\n\n\n\n<figure class=\"wp-block-image size-large\"><img loading=\"lazy\" decoding=\"async\" width=\"960\" height=\"960\" data-id=\"1008\" src=\"https:\/\/standpro.az\/wp-content\/uploads\/2025\/08\/arkoz.jpg\" alt=\"\" class=\"wp-image-1008\" srcset=\"https:\/\/standpro.az\/wp-content\/uploads\/2025\/08\/arkoz.jpg 960w, https:\/\/standpro.az\/wp-content\/uploads\/2025\/08\/arkoz-300x300.jpg 300w, https:\/\/standpro.az\/wp-content\/uploads\/2025\/08\/arkoz-150x150.jpg 150w, https:\/\/standpro.az\/wp-content\/uploads\/2025\/08\/arkoz-768x768.jpg 768w\" sizes=\"auto, (max-width: 960px) 100vw, 960px\" \/><\/figure>\n\n\n\n<figure class=\"wp-block-image size-large\"><img loading=\"lazy\" decoding=\"async\" width=\"1000\" height=\"1000\" data-id=\"1010\" src=\"https:\/\/standpro.az\/wp-content\/uploads\/2025\/08\/masdaf.png\" alt=\"\" class=\"wp-image-1010\" srcset=\"https:\/\/standpro.az\/wp-content\/uploads\/2025\/08\/masdaf.png 1000w, https:\/\/standpro.az\/wp-content\/uploads\/2025\/08\/masdaf-300x300.png 300w, https:\/\/standpro.az\/wp-content\/uploads\/2025\/08\/masdaf-150x150.png 150w, https:\/\/standpro.az\/wp-content\/uploads\/2025\/08\/masdaf-768x768.png 768w\" sizes=\"auto, (max-width: 1000px) 100vw, 1000px\" \/><\/figure>\n\n\n\n<figure class=\"wp-block-image size-large\"><img loading=\"lazy\" decoding=\"async\" width=\"432\" height=\"216\" data-id=\"1119\" src=\"https:\/\/standpro.az\/wp-content\/uploads\/2025\/09\/UkroBoron.gif\" alt=\"\" class=\"wp-image-1119\"\/><\/figure>\n\n\n\n<figure class=\"wp-block-image size-large\"><img loading=\"lazy\" decoding=\"async\" width=\"300\" height=\"250\" data-id=\"1159\" src=\"https:\/\/standpro.az\/wp-content\/uploads\/2025\/09\/suryapi_logo.png\" alt=\"\" class=\"wp-image-1159\"\/><figcaption class=\"wp-element-caption\">Sur Yap\u0131 \u0130n\u015faat<\/figcaption><\/figure>\n\n\n\n<figure class=\"wp-block-image size-large\"><img loading=\"lazy\" decoding=\"async\" width=\"768\" height=\"432\" data-id=\"1161\" src=\"https:\/\/standpro.az\/wp-content\/uploads\/2025\/09\/Target.png\" alt=\"\" class=\"wp-image-1161\" srcset=\"https:\/\/standpro.az\/wp-content\/uploads\/2025\/09\/Target.png 768w, https:\/\/standpro.az\/wp-content\/uploads\/2025\/09\/Target-300x169.png 300w\" sizes=\"auto, (max-width: 768px) 100vw, 768px\" \/><figcaption class=\"wp-element-caption\">Target<\/figcaption><\/figure>\n\n\n\n<figure class=\"wp-block-image size-large\"><img loading=\"lazy\" decoding=\"async\" width=\"389\" height=\"389\" data-id=\"1213\" src=\"https:\/\/standpro.az\/wp-content\/uploads\/2025\/09\/AKKORD.jpg\" alt=\"\" class=\"wp-image-1213\" srcset=\"https:\/\/standpro.az\/wp-content\/uploads\/2025\/09\/AKKORD.jpg 389w, https:\/\/standpro.az\/wp-content\/uploads\/2025\/09\/AKKORD-300x300.jpg 300w, https:\/\/standpro.az\/wp-content\/uploads\/2025\/09\/AKKORD-150x150.jpg 150w\" sizes=\"auto, (max-width: 389px) 100vw, 389px\" \/><figcaption class=\"wp-element-caption\">AKKORD<\/figcaption><\/figure>\n<\/figure>\n\n\n\n<p><\/p>\n","protected":false},"excerpt":{"rendered":"","protected":false},"author":1,"featured_media":0,"parent":0,"menu_order":0,"comment_status":"closed","ping_status":"closed","template":"pages\/page-references.php","meta":{"_joinchat":[],"footnotes":""},"class_list":["post-23","page","type-page","status-publish","hentry"],"_links":{"self":[{"href":"https:\/\/standpro.az\/index.php?rest_route=\/wp\/v2\/pages\/23","targetHints":{"allow":["GET"]}}],"collection":[{"href":"https:\/\/standpro.az\/index.php?rest_route=\/wp\/v2\/pages"}],"about":[{"href":"https:\/\/standpro.az\/index.php?rest_route=\/wp\/v2\/types\/page"}],"author":[{"embeddable":true,"href":"https:\/\/standpro.az\/index.php?rest_route=\/wp\/v2\/users\/1"}],"replies":[{"embeddable":true,"href":"https:\/\/standpro.az\/index.php?rest_route=%2Fwp%2Fv2%2Fcomments&post=23"}],"version-history":[{"count":37,"href":"https:\/\/standpro.az\/index.php?rest_route=\/wp\/v2\/pages\/23\/revisions"}],"predecessor-version":[{"id":1467,"href":"https:\/\/standpro.az\/index.php?rest_route=\/wp\/v2\/pages\/23\/revisions\/1467"}],"wp:attachment":[{"href":"https:\/\/standpro.az\/index.php?rest_route=%2Fwp%2Fv2%2Fmedia&parent=23"}],"curies":[{"name":"wp","href":"https:\/\/api.w.org\/{rel}","templated":true}]}}