{"id":721,"date":"2025-07-25T11:15:57","date_gmt":"2025-07-25T07:15:57","guid":{"rendered":"https:\/\/standpro.az\/?page_id=721"},"modified":"2025-07-31T11:07:39","modified_gmt":"2025-07-31T07:07:39","slug":"layih%c9%99l%c9%99rimiz","status":"publish","type":"page","link":"https:\/\/standpro.az\/?page_id=721","title":{"rendered":"Layih\u0259l\u0259rimiz"},"content":{"rendered":"\n<div class=\"wp-block-columns is-layout-flex wp-container-core-columns-is-layout-9d6595d7 wp-block-columns-is-layout-flex\">\n<div class=\"wp-block-column is-layout-flow wp-block-column-is-layout-flow\">\n<h1 class=\"wp-block-heading has-text-align-center\"><a href=\"https:\/\/standpro.az\/?page_id=724\" data-type=\"page\" data-id=\"724\"><strong><mark style=\"background-color:rgba(0, 0, 0, 0)\" class=\"has-inline-color has-vivid-cyan-blue-color\">S\u0259rgil\u0259r<\/mark><\/strong><\/a><\/h1>\n<\/div>\n\n\n\n<div class=\"wp-block-column is-layout-flow wp-block-column-is-layout-flow\">\n<h1 class=\"wp-block-heading has-text-align-center\"><a href=\"https:\/\/standpro.az\/?page_id=853\" data-type=\"page\" data-id=\"853\"><strong><mark style=\"background-color:rgba(0, 0, 0, 0)\" class=\"has-inline-color has-vivid-cyan-blue-color\">Stendl\u0259r<\/mark><\/strong><\/a><\/h1>\n<\/div>\n<\/div>\n\n\n\n<hr class=\"wp-block-separator has-alpha-channel-opacity\"\/>\n\n\n\n<p>Layih\u0259l\u0259rimizl\u0259 tan\u0131\u015f olun<br>Burada siz \u201cStandPro\u201d komandas\u0131 t\u0259r\u0259find\u0259n h\u0259yata ke\u00e7irilmi\u015f \u0259sas layih\u0259l\u0259rl\u0259 tan\u0131\u015f ola bil\u0259rsiniz. A\u015fa\u011f\u0131dak\u0131 b\u00f6lm\u0259l\u0259r vasit\u0259sil\u0259 ist\u0259r s\u0259rgil\u0259rd\u0259 qurdu\u011fumuz stendl\u0259ri, ist\u0259rs\u0259 d\u0259 \u00f6z\u0259l layih\u0259l\u0259rimizi bir bax\u0131\u015fda izl\u0259y\u0259 bil\u0259rsiniz. Layih\u0259l\u0259r haqq\u0131nda \u0259trafl\u0131 m\u0259lumat almaq \u00fc\u00e7\u00fcn uy\u011fun b\u00f6lm\u0259ni se\u00e7in.<\/p>\n\n\n\n<div class=\"wp-block-columns is-layout-flex wp-container-core-columns-is-layout-9d6595d7 wp-block-columns-is-layout-flex\">\n<div class=\"wp-block-column is-layout-flow wp-block-column-is-layout-flow\">\n<figure class=\"wp-block-gallery has-nested-images columns-default is-cropped wp-block-gallery-1 is-layout-flex wp-block-gallery-is-layout-flex\">\n<figure class=\"wp-block-image size-large\"><a href=\"https:\/\/standpro.az\/wp-content\/uploads\/2025\/07\/6b.webp\"><img loading=\"lazy\" decoding=\"async\" width=\"640\" height=\"429\" data-id=\"796\" src=\"https:\/\/standpro.az\/wp-content\/uploads\/2025\/07\/6b.webp\" alt=\"\" class=\"wp-image-796\" srcset=\"https:\/\/standpro.az\/wp-content\/uploads\/2025\/07\/6b.webp 640w, https:\/\/standpro.az\/wp-content\/uploads\/2025\/07\/6b-300x201.webp 300w\" sizes=\"auto, (max-width: 640px) 100vw, 640px\" \/><\/a><\/figure>\n\n\n\n<figure class=\"wp-block-image size-large\"><a href=\"https:\/\/standpro.az\/wp-content\/uploads\/2025\/07\/5b.jpeg\"><img loading=\"lazy\" decoding=\"async\" width=\"1024\" height=\"682\" data-id=\"783\" src=\"https:\/\/standpro.az\/wp-content\/uploads\/2025\/07\/5b.jpeg\" alt=\"\" class=\"wp-image-783\" srcset=\"https:\/\/standpro.az\/wp-content\/uploads\/2025\/07\/5b.jpeg 1024w, https:\/\/standpro.az\/wp-content\/uploads\/2025\/07\/5b-300x200.jpeg 300w, https:\/\/standpro.az\/wp-content\/uploads\/2025\/07\/5b-768x512.jpeg 768w\" sizes=\"auto, (max-width: 1024px) 100vw, 1024px\" \/><\/a><\/figure>\n\n\n\n<figure class=\"wp-block-image size-large\"><a href=\"https:\/\/standpro.az\/wp-content\/uploads\/2025\/07\/5c.jpeg\"><img loading=\"lazy\" decoding=\"async\" width=\"1024\" height=\"682\" data-id=\"784\" src=\"https:\/\/standpro.az\/wp-content\/uploads\/2025\/07\/5c.jpeg\" alt=\"\" class=\"wp-image-784\" srcset=\"https:\/\/standpro.az\/wp-content\/uploads\/2025\/07\/5c.jpeg 1024w, https:\/\/standpro.az\/wp-content\/uploads\/2025\/07\/5c-300x200.jpeg 300w, https:\/\/standpro.az\/wp-content\/uploads\/2025\/07\/5c-768x512.jpeg 768w\" sizes=\"auto, (max-width: 1024px) 100vw, 1024px\" \/><\/a><\/figure>\n\n\n\n<figure class=\"wp-block-image size-large\"><a href=\"https:\/\/standpro.az\/wp-content\/uploads\/2025\/07\/2023.jpg\"><img loading=\"lazy\" decoding=\"async\" width=\"960\" height=\"636\" data-id=\"765\" src=\"https:\/\/standpro.az\/wp-content\/uploads\/2025\/07\/2023.jpg\" alt=\"\" class=\"wp-image-765\" srcset=\"https:\/\/standpro.az\/wp-content\/uploads\/2025\/07\/2023.jpg 960w, https:\/\/standpro.az\/wp-content\/uploads\/2025\/07\/2023-300x199.jpg 300w, https:\/\/standpro.az\/wp-content\/uploads\/2025\/07\/2023-768x509.jpg 768w\" sizes=\"auto, (max-width: 960px) 100vw, 960px\" \/><\/a><\/figure>\n\n\n\n<figure class=\"wp-block-image size-large\"><a href=\"https:\/\/standpro.az\/wp-content\/uploads\/2025\/07\/2023a.jpg\"><img loading=\"lazy\" decoding=\"async\" width=\"1024\" height=\"576\" data-id=\"766\" src=\"https:\/\/standpro.az\/wp-content\/uploads\/2025\/07\/2023a.jpg\" alt=\"\" class=\"wp-image-766\" srcset=\"https:\/\/standpro.az\/wp-content\/uploads\/2025\/07\/2023a.jpg 1024w, https:\/\/standpro.az\/wp-content\/uploads\/2025\/07\/2023a-300x169.jpg 300w, https:\/\/standpro.az\/wp-content\/uploads\/2025\/07\/2023a-768x432.jpg 768w\" sizes=\"auto, (max-width: 1024px) 100vw, 1024px\" \/><\/a><\/figure>\n\n\n\n<figure class=\"wp-block-image size-large\"><a href=\"https:\/\/standpro.az\/wp-content\/uploads\/2025\/07\/DJI_0834-scaled.jpg\"><img loading=\"lazy\" decoding=\"async\" width=\"1024\" height=\"768\" data-id=\"540\" src=\"https:\/\/standpro.az\/wp-content\/uploads\/2025\/07\/DJI_0834-1024x768.jpg\" alt=\"\" class=\"wp-image-540\" srcset=\"https:\/\/standpro.az\/wp-content\/uploads\/2025\/07\/DJI_0834-1024x768.jpg 1024w, https:\/\/standpro.az\/wp-content\/uploads\/2025\/07\/DJI_0834-300x225.jpg 300w, https:\/\/standpro.az\/wp-content\/uploads\/2025\/07\/DJI_0834-768x576.jpg 768w, https:\/\/standpro.az\/wp-content\/uploads\/2025\/07\/DJI_0834-1536x1152.jpg 1536w, https:\/\/standpro.az\/wp-content\/uploads\/2025\/07\/DJI_0834-2048x1536.jpg 2048w\" sizes=\"auto, (max-width: 1024px) 100vw, 1024px\" \/><\/a><figcaption class=\"wp-element-caption\">KOB\u0130A<\/figcaption><\/figure>\n<\/figure>\n<\/div>\n\n\n\n<div class=\"wp-block-column is-layout-flow wp-block-column-is-layout-flow\">\n<figure class=\"wp-block-gallery has-nested-images columns-default is-cropped wp-block-gallery-2 is-layout-flex wp-block-gallery-is-layout-flex\">\n<figure class=\"wp-block-image size-large\"><a href=\"https:\/\/standpro.az\/wp-content\/uploads\/2025\/07\/6b.webp\"><img loading=\"lazy\" decoding=\"async\" width=\"640\" height=\"429\" data-id=\"796\" src=\"https:\/\/standpro.az\/wp-content\/uploads\/2025\/07\/6b.webp\" alt=\"\" class=\"wp-image-796\" srcset=\"https:\/\/standpro.az\/wp-content\/uploads\/2025\/07\/6b.webp 640w, https:\/\/standpro.az\/wp-content\/uploads\/2025\/07\/6b-300x201.webp 300w\" sizes=\"auto, (max-width: 640px) 100vw, 640px\" \/><\/a><\/figure>\n\n\n\n<figure class=\"wp-block-image size-large\"><a href=\"https:\/\/standpro.az\/wp-content\/uploads\/2024\/06\/1717104683773-scaled.jpg\"><img loading=\"lazy\" decoding=\"async\" width=\"1024\" height=\"768\" data-id=\"506\" src=\"https:\/\/standpro.az\/wp-content\/uploads\/2024\/06\/1717104683773-1024x768.jpg\" alt=\"\" class=\"wp-image-506\" srcset=\"https:\/\/standpro.az\/wp-content\/uploads\/2024\/06\/1717104683773-1024x768.jpg 1024w, https:\/\/standpro.az\/wp-content\/uploads\/2024\/06\/1717104683773-300x225.jpg 300w, https:\/\/standpro.az\/wp-content\/uploads\/2024\/06\/1717104683773-768x576.jpg 768w, https:\/\/standpro.az\/wp-content\/uploads\/2024\/06\/1717104683773-1536x1152.jpg 1536w, https:\/\/standpro.az\/wp-content\/uploads\/2024\/06\/1717104683773-2048x1536.jpg 2048w\" sizes=\"auto, (max-width: 1024px) 100vw, 1024px\" \/><\/a><\/figure>\n\n\n\n<figure class=\"wp-block-image size-large\"><a href=\"https:\/\/standpro.az\/wp-content\/uploads\/2024\/06\/image-2-scaled.jpg\"><img loading=\"lazy\" decoding=\"async\" width=\"1024\" height=\"768\" data-id=\"518\" src=\"https:\/\/standpro.az\/wp-content\/uploads\/2024\/06\/image-2-1024x768.jpg\" alt=\"qq\" class=\"wp-image-518\" srcset=\"https:\/\/standpro.az\/wp-content\/uploads\/2024\/06\/image-2-1024x768.jpg 1024w, https:\/\/standpro.az\/wp-content\/uploads\/2024\/06\/image-2-300x225.jpg 300w, https:\/\/standpro.az\/wp-content\/uploads\/2024\/06\/image-2-768x576.jpg 768w, https:\/\/standpro.az\/wp-content\/uploads\/2024\/06\/image-2-1536x1152.jpg 1536w, https:\/\/standpro.az\/wp-content\/uploads\/2024\/06\/image-2-2048x1536.jpg 2048w\" sizes=\"auto, (max-width: 1024px) 100vw, 1024px\" \/><\/a><figcaption class=\"wp-element-caption\">S\u0259rgi<\/figcaption><\/figure>\n\n\n\n<figure class=\"wp-block-image size-large\"><a href=\"https:\/\/standpro.az\/wp-content\/uploads\/2025\/07\/DJI_0156-scaled.jpg\"><img loading=\"lazy\" decoding=\"async\" width=\"1024\" height=\"576\" data-id=\"538\" src=\"https:\/\/standpro.az\/wp-content\/uploads\/2025\/07\/DJI_0156-1024x576.jpg\" alt=\"\" class=\"wp-image-538\" srcset=\"https:\/\/standpro.az\/wp-content\/uploads\/2025\/07\/DJI_0156-1024x576.jpg 1024w, https:\/\/standpro.az\/wp-content\/uploads\/2025\/07\/DJI_0156-300x169.jpg 300w, https:\/\/standpro.az\/wp-content\/uploads\/2025\/07\/DJI_0156-768x432.jpg 768w, https:\/\/standpro.az\/wp-content\/uploads\/2025\/07\/DJI_0156-1536x864.jpg 1536w, https:\/\/standpro.az\/wp-content\/uploads\/2025\/07\/DJI_0156-2048x1152.jpg 2048w\" sizes=\"auto, (max-width: 1024px) 100vw, 1024px\" \/><\/a><figcaption class=\"wp-element-caption\">G\u00dcLTEK\u0130N<\/figcaption><\/figure>\n\n\n\n<figure class=\"wp-block-image size-large\"><a href=\"https:\/\/standpro.az\/wp-content\/uploads\/2025\/07\/6-scaled.jpg\"><img loading=\"lazy\" decoding=\"async\" width=\"1024\" height=\"683\" data-id=\"798\" src=\"https:\/\/standpro.az\/wp-content\/uploads\/2025\/07\/6-1024x683.jpg\" alt=\"\" class=\"wp-image-798\" srcset=\"https:\/\/standpro.az\/wp-content\/uploads\/2025\/07\/6-1024x683.jpg 1024w, https:\/\/standpro.az\/wp-content\/uploads\/2025\/07\/6-300x200.jpg 300w, https:\/\/standpro.az\/wp-content\/uploads\/2025\/07\/6-768x512.jpg 768w, https:\/\/standpro.az\/wp-content\/uploads\/2025\/07\/6-1536x1024.jpg 1536w, https:\/\/standpro.az\/wp-content\/uploads\/2025\/07\/6-2048x1365.jpg 2048w\" sizes=\"auto, (max-width: 1024px) 100vw, 1024px\" \/><\/a><figcaption class=\"wp-element-caption\">M\u018f\u015e\u011eULUQ<\/figcaption><\/figure>\n<\/figure>\n<\/div>\n<\/div>\n\n\n\n<div class=\"wp-block-columns is-layout-flex wp-container-core-columns-is-layout-9d6595d7 wp-block-columns-is-layout-flex\">\n<div class=\"wp-block-column is-layout-flow wp-block-column-is-layout-flow\">\n<a class=\"wp-block-safirtema-safirbutton safirButton\" href=\"https:\/\/standpro.az\/?page_id=724\" rel=\"external\"><div class=\"icon safiricon\"><svg class=\"safiricon-mouse\"><use href=\"#safiricon-mouse\"><\/use><\/svg><\/div>Daha \u00c7ox \u00d6yr\u0259nin<\/a>\n<\/div>\n\n\n\n<div class=\"wp-block-column is-layout-flow wp-block-column-is-layout-flow\">\n<a class=\"wp-block-safirtema-safirbutton safirButton\" href=\"https:\/\/standpro.az\/?page_id=853\" rel=\"external\"><div class=\"icon safiricon\"><svg class=\"safiricon-mouse\"><use href=\"#safiricon-mouse\"><\/use><\/svg><\/div>Daha \u00c7ox \u00d6yr\u0259nin<\/a>\n<\/div>\n<\/div>\n","protected":false},"excerpt":{"rendered":"<p>S\u0259rgil\u0259r Stendl\u0259r Layih\u0259l\u0259rimizl\u0259 tan\u0131\u015f olunBurada siz \u201cStandPro\u201d komandas\u0131 t\u0259r\u0259find\u0259n h\u0259yata ke\u00e7irilmi\u015f \u0259sas layih\u0259l\u0259rl\u0259 tan\u0131\u015f ola bil\u0259rsiniz. A\u015fa\u011f\u0131dak\u0131 b\u00f6lm\u0259l\u0259r vasit\u0259sil\u0259 ist\u0259r s\u0259rgil\u0259rd\u0259 qurdu\u011fumuz stendl\u0259ri, ist\u0259rs\u0259 d\u0259 \u00f6z\u0259l layih\u0259l\u0259rimizi bir bax\u0131\u015fda izl\u0259y\u0259 bil\u0259rsiniz. Layih\u0259l\u0259r haqq\u0131nda \u0259trafl\u0131 m\u0259lumat almaq \u00fc\u00e7\u00fcn uy\u011fun b\u00f6lm\u0259ni se\u00e7in.<\/p>\n","protected":false},"author":1,"featured_media":0,"parent":0,"menu_order":0,"comment_status":"closed","ping_status":"closed","template":"","meta":{"_joinchat":[],"footnotes":""},"class_list":["post-721","page","type-page","status-publish","hentry"],"_links":{"self":[{"href":"https:\/\/standpro.az\/index.php?rest_route=\/wp\/v2\/pages\/721","targetHints":{"allow":["GET"]}}],"collection":[{"href":"https:\/\/standpro.az\/index.php?rest_route=\/wp\/v2\/pages"}],"about":[{"href":"https:\/\/standpro.az\/index.php?rest_route=\/wp\/v2\/types\/page"}],"author":[{"embeddable":true,"href":"https:\/\/standpro.az\/index.php?rest_route=\/wp\/v2\/users\/1"}],"replies":[{"embeddable":true,"href":"https:\/\/standpro.az\/index.php?rest_route=%2Fwp%2Fv2%2Fcomments&post=721"}],"version-history":[{"count":15,"href":"https:\/\/standpro.az\/index.php?rest_route=\/wp\/v2\/pages\/721\/revisions"}],"predecessor-version":[{"id":926,"href":"https:\/\/standpro.az\/index.php?rest_route=\/wp\/v2\/pages\/721\/revisions\/926"}],"wp:attachment":[{"href":"https:\/\/standpro.az\/index.php?rest_route=%2Fwp%2Fv2%2Fmedia&parent=721"}],"curies":[{"name":"wp","href":"https:\/\/api.w.org\/{rel}","templated":true}]}}