{"id":82,"date":"2022-06-03T20:55:10","date_gmt":"2020-06-03T17:55:10","guid":{"rendered":"https:\/\/safirdemo.com\/atolye\/hakkimizda\/"},"modified":"2025-07-18T12:17:21","modified_gmt":"2025-07-18T08:17:21","slug":"haqqimizda","status":"publish","type":"page","link":"https:\/\/standpro.az\/?page_id=82","title":{"rendered":"Haqq\u0131m\u0131zda"},"content":{"rendered":"<div class=\"wp-block-image\">\n<figure class=\"aligncenter size-full is-resized\"><img loading=\"lazy\" decoding=\"async\" width=\"605\" height=\"340\" src=\"https:\/\/standpro.az\/wp-content\/uploads\/2025\/07\/StandGroup_Linkedin_GoyFon-edited.png\" alt=\"\" class=\"wp-image-677\" style=\"width:761px;height:auto\" srcset=\"https:\/\/standpro.az\/wp-content\/uploads\/2025\/07\/StandGroup_Linkedin_GoyFon-edited.png 605w, https:\/\/standpro.az\/wp-content\/uploads\/2025\/07\/StandGroup_Linkedin_GoyFon-edited-300x169.png 300w\" sizes=\"auto, (max-width: 605px) 100vw, 605px\" \/><\/figure>\n<\/div>\n\n\n<div class=\"wp-block-group is-layout-grid wp-container-core-group-is-layout-9649a0d9 wp-block-group-is-layout-grid\">\n<a class=\"wp-block-safirtema-safirbutton safirButton\" href=\"#\" rel=\"\"><div class=\"icon safiricon\"><svg class=\"safiricon-mouse\"><use href=\"#safiricon-mouse\"><\/use><\/svg><\/div>Missiyam\u0131z<\/a>\n\n\n\n<a class=\"wp-block-safirtema-safirbutton safirButton\" href=\"#\" rel=\"\"><div class=\"icon safiricon\"><svg class=\"safiricon-mouse\"><use href=\"#safiricon-mouse\"><\/use><\/svg><\/div>Vizyonumuz<\/a>\n\n\n\n<a class=\"wp-block-safirtema-safirbutton safirButton\" href=\"#\" rel=\"\"><div class=\"icon safiricon\"><svg class=\"safiricon-mouse\"><use href=\"#safiricon-mouse\"><\/use><\/svg><\/div>D\u0259y\u0259r v\u0259 M\u0259qs\u0259dl\u0259rimiz<\/a>\n<\/div>\n\n\n\n<p><strong>STAND GROUP<\/strong>, t\u0259dbir v\u0259 s\u0259rgi sah\u0259sind\u0259 ixtisasla\u015fm\u0131\u015f, yarad\u0131c\u0131 yana\u015fmas\u0131 v\u0259 pe\u015f\u0259kar komandas\u0131 il\u0259 se\u00e7il\u0259n bir qrup \u015firk\u0259td\u0259n ibar\u0259t t\u0259\u015fkilatd\u0131r. F\u0259aliyy\u0259timiz Az\u0259rbaycanda ke\u00e7iril\u0259n s\u0259rgil\u0259rd\u0259 v\u0259 m\u00fcxt\u0259lif t\u0259dbirl\u0259rd\u0259 tam h\u0259ll paketl\u0259ri t\u0259qdim etm\u0259k \u00fcz\u0259rind\u0259 qurulub.<\/p>\n\n\n\n<p>Qrupumuzun \u0259sas m\u0259qs\u0259di \u2013 <strong>m\u00fc\u015ft\u0259ril\u0259rimiz\u0259 innovativ, funksional v\u0259 estetik bax\u0131mdan y\u00fcks\u0259k s\u0259viyy\u0259li xidm\u0259tl\u0259r t\u0259qdim etm\u0259kdir.<\/strong><\/p>\n\n\n\n<h4 class=\"wp-block-heading\">\u015eirk\u0259tl\u0259rimiz<\/h4>\n\n\n\n<div class=\"wp-block-media-text has-media-on-the-right is-stacked-on-mobile\" style=\"grid-template-columns:auto 42%\"><div class=\"wp-block-media-text__content\">\n<p><strong>StandPro<\/strong>, s\u0259rgil\u0259rd\u0259 i\u015ftirak ed\u0259n \u015firk\u0259tl\u0259r \u00fc\u00e7\u00fcn <strong>expo stendl\u0259rinin layih\u0259l\u0259ndirilm\u0259si, istehsal\u0131 v\u0259 qura\u015fd\u0131r\u0131lmas\u0131<\/strong> \u00fczr\u0259 ixtisasla\u015fm\u0131\u015fd\u0131r. 10 ild\u0259n \u00e7ox t\u0259cr\u00fcb\u0259mizl\u0259 \u0130st\u0259r modul stendl\u0259r, ist\u0259r x\u00fcsusi dizaynl\u0131 premium stendl\u0259r olsun \u2013 h\u0259r layih\u0259d\u0259 m\u0259qs\u0259dimiz brendi \u00f6n plana \u00e7\u0131xarmaqday\u0131q.<\/p>\n<\/div><figure class=\"wp-block-media-text__media\"><img loading=\"lazy\" decoding=\"async\" width=\"779\" height=\"288\" src=\"https:\/\/standpro.az\/wp-content\/uploads\/2024\/05\/standpro-logo.jpg\" alt=\"\" class=\"wp-image-430 size-full\" srcset=\"https:\/\/standpro.az\/wp-content\/uploads\/2024\/05\/standpro-logo.jpg 779w, https:\/\/standpro.az\/wp-content\/uploads\/2024\/05\/standpro-logo-300x111.jpg 300w, https:\/\/standpro.az\/wp-content\/uploads\/2024\/05\/standpro-logo-768x284.jpg 768w\" sizes=\"auto, (max-width: 779px) 100vw, 779px\" \/><\/figure><\/div>\n\n\n\n<div class=\"wp-block-media-text has-media-on-the-right is-stacked-on-mobile\"><div class=\"wp-block-media-text__content\">\n<p><strong>EventPro<\/strong> korporativ t\u0259dbirl\u0259r, a\u00e7\u0131l\u0131\u015f m\u0259rasiml\u0259ri, t\u0259qdimatlar v\u0259 dig\u0259r x\u00fcsusi g\u00fcnl\u0259r \u00fc\u00e7\u00fcn texniki v\u0259 dizayn d\u0259st\u0259yi t\u0259min edir. X\u00fcsusi Temper \u015e\u00fc\u015f\u0259 panell\u0259r, s\u0259hn\u0259l\u0259rin qurulmas\u0131 v\u0259.s f\u0259aliyy\u0259tl\u0259 m\u0259\u015f\u011fuldur.<\/p>\n<\/div><figure class=\"wp-block-media-text__media\"><img decoding=\"async\" src=\"https:\/\/standpro.az\/wp-content\/uploads\/2025\/07\/Logo-Eventpro-Ag.png\" alt=\"\" class=\"wp-image-681 size-full\"\/><\/figure><\/div>\n","protected":false},"excerpt":{"rendered":"<p>STAND GROUP, t\u0259dbir v\u0259 s\u0259rgi sah\u0259sind\u0259 ixtisasla\u015fm\u0131\u015f, yarad\u0131c\u0131 yana\u015fmas\u0131 v\u0259 pe\u015f\u0259kar komandas\u0131 il\u0259 se\u00e7il\u0259n bir qrup \u015firk\u0259td\u0259n ibar\u0259t t\u0259\u015fkilatd\u0131r. F\u0259aliyy\u0259timiz Az\u0259rbaycanda ke\u00e7iril\u0259n s\u0259rgil\u0259rd\u0259 v\u0259 m\u00fcxt\u0259lif t\u0259dbirl\u0259rd\u0259 tam h\u0259ll paketl\u0259ri t\u0259qdim etm\u0259k \u00fcz\u0259rind\u0259 qurulub. Qrupumuzun \u0259sas m\u0259qs\u0259di \u2013 m\u00fc\u015ft\u0259ril\u0259rimiz\u0259 innovativ, funksional v\u0259 estetik bax\u0131mdan y\u00fcks\u0259k s\u0259viyy\u0259li xidm\u0259tl\u0259r t\u0259qdim etm\u0259kdir. \u015eirk\u0259tl\u0259rimiz StandPro, s\u0259rgil\u0259rd\u0259 i\u015ftirak ed\u0259n \u015firk\u0259tl\u0259r \u00fc\u00e7\u00fcn [&hellip;]<\/p>\n","protected":false},"author":1,"featured_media":673,"parent":0,"menu_order":0,"comment_status":"closed","ping_status":"closed","template":"","meta":{"_joinchat":[],"footnotes":""},"class_list":["post-82","page","type-page","status-publish","has-post-thumbnail","hentry"],"_links":{"self":[{"href":"https:\/\/standpro.az\/index.php?rest_route=\/wp\/v2\/pages\/82","targetHints":{"allow":["GET"]}}],"collection":[{"href":"https:\/\/standpro.az\/index.php?rest_route=\/wp\/v2\/pages"}],"about":[{"href":"https:\/\/standpro.az\/index.php?rest_route=\/wp\/v2\/types\/page"}],"author":[{"embeddable":true,"href":"https:\/\/standpro.az\/index.php?rest_route=\/wp\/v2\/users\/1"}],"replies":[{"embeddable":true,"href":"https:\/\/standpro.az\/index.php?rest_route=%2Fwp%2Fv2%2Fcomments&post=82"}],"version-history":[{"count":30,"href":"https:\/\/standpro.az\/index.php?rest_route=\/wp\/v2\/pages\/82\/revisions"}],"predecessor-version":[{"id":699,"href":"https:\/\/standpro.az\/index.php?rest_route=\/wp\/v2\/pages\/82\/revisions\/699"}],"wp:featuredmedia":[{"embeddable":true,"href":"https:\/\/standpro.az\/index.php?rest_route=\/wp\/v2\/media\/673"}],"wp:attachment":[{"href":"https:\/\/standpro.az\/index.php?rest_route=%2Fwp%2Fv2%2Fmedia&parent=82"}],"curies":[{"name":"wp","href":"https:\/\/api.w.org\/{rel}","templated":true}]}}